{"id":2447,"date":"2026-02-25T10:06:29","date_gmt":"2026-02-25T09:06:29","guid":{"rendered":"https:\/\/disaronno.com\/news\/"},"modified":"2026-04-07T10:01:18","modified_gmt":"2026-04-07T08:01:18","slug":"news","status":"publish","type":"page","link":"https:\/\/disaronno.com\/fr-be\/news\/","title":{"rendered":"Actualit\u00e9s"},"content":{"rendered":"<p>Restez inform\u00e9 des <strong>derni\u00e8res actualit\u00e9s<\/strong> de l\u2019univers Disaronno.<br \/>\nDes nouvelles collaborations aux \u00e9v\u00e9nements sp\u00e9ciaux, Dolce News est l\u2019endroit o\u00f9 prennent vie les mises \u00e0 jour les plus savoureuses.<br \/>\nParce que la Dolce Side of Life est un plaisir \u00e0 d\u00e9couvrir.<\/p>\n","protected":false},"excerpt":{"rendered":"<p>Restez inform\u00e9 des derni\u00e8res actualit\u00e9s de l\u2019univers Disaronno. Des nouvelles collaborations aux \u00e9v\u00e9nements sp\u00e9ciaux, Dolce News est l\u2019endroit o\u00f9 prennent vie les mises \u00e0 jour [&hellip;]<\/p>\n","protected":false},"author":1,"featured_media":0,"parent":0,"menu_order":0,"comment_status":"closed","ping_status":"closed","template":"template\/news-index.php","meta":{"_acf_changed":false,"footnotes":""},"class_list":["post-2447","page","type-page","status-publish","hentry"],"acf":[],"yoast_head":"<!-- This site is optimized with the Yoast SEO plugin v27.4 - https:\/\/yoast.com\/product\/yoast-seo-wordpress\/ -->\n<title>Actualit\u00e9s - Disaronno<\/title>\n<meta name=\"robots\" content=\"index, follow, max-snippet:-1, max-image-preview:large, max-video-preview:-1\" \/>\n<link rel=\"canonical\" href=\"https:\/\/disaronno.com\/fr-be\/news\/\" \/>\n<meta property=\"og:locale\" content=\"fr_FR\" \/>\n<meta property=\"og:type\" content=\"article\" \/>\n<meta property=\"og:title\" content=\"Actualit\u00e9s - Disaronno\" \/>\n<meta property=\"og:description\" content=\"Restez inform\u00e9 des derni\u00e8res actualit\u00e9s de l\u2019univers Disaronno. Des nouvelles collaborations aux \u00e9v\u00e9nements sp\u00e9ciaux, Dolce News est l\u2019endroit o\u00f9 prennent vie les mises \u00e0 jour [&hellip;]\" \/>\n<meta property=\"og:url\" content=\"https:\/\/disaronno.com\/fr-be\/news\/\" \/>\n<meta property=\"og:site_name\" content=\"Disaronno\" \/>\n<meta property=\"article:modified_time\" content=\"2026-04-07T08:01:18+00:00\" \/>\n<meta name=\"twitter:card\" content=\"summary_large_image\" \/>\n<meta name=\"twitter:label1\" content=\"Dur\u00e9e de lecture est.\" \/>\n\t<meta name=\"twitter:data1\" content=\"1 minute\" \/>\n<script type=\"application\/ld+json\" class=\"yoast-schema-graph\">{\"@context\":\"https:\\\/\\\/schema.org\",\"@graph\":[{\"@type\":\"WebPage\",\"@id\":\"https:\\\/\\\/disaronno.com\\\/fr-be\\\/news\\\/\",\"url\":\"https:\\\/\\\/disaronno.com\\\/fr-be\\\/news\\\/\",\"name\":\"Actualit\u00e9s - Disaronno\",\"isPartOf\":{\"@id\":\"https:\\\/\\\/disaronno.com\\\/int\\\/#website\"},\"datePublished\":\"2026-02-25T09:06:29+00:00\",\"dateModified\":\"2026-04-07T08:01:18+00:00\",\"breadcrumb\":{\"@id\":\"https:\\\/\\\/disaronno.com\\\/fr-be\\\/news\\\/#breadcrumb\"},\"inLanguage\":\"fr-BE\",\"potentialAction\":[{\"@type\":\"ReadAction\",\"target\":[\"https:\\\/\\\/disaronno.com\\\/fr-be\\\/news\\\/\"]}]},{\"@type\":\"BreadcrumbList\",\"@id\":\"https:\\\/\\\/disaronno.com\\\/fr-be\\\/news\\\/#breadcrumb\",\"itemListElement\":[{\"@type\":\"ListItem\",\"position\":1,\"name\":\"Home\",\"item\":\"https:\\\/\\\/disaronno.com\\\/fr-be\\\/\"},{\"@type\":\"ListItem\",\"position\":2,\"name\":\"Actualit\u00e9s\"}]},{\"@type\":\"WebSite\",\"@id\":\"https:\\\/\\\/disaronno.com\\\/int\\\/#website\",\"url\":\"https:\\\/\\\/disaronno.com\\\/int\\\/\",\"name\":\"Disaronno\",\"description\":\"\",\"publisher\":{\"@id\":\"https:\\\/\\\/disaronno.com\\\/int\\\/#organization\"},\"potentialAction\":[{\"@type\":\"SearchAction\",\"target\":{\"@type\":\"EntryPoint\",\"urlTemplate\":\"https:\\\/\\\/disaronno.com\\\/int\\\/?s={search_term_string}\"},\"query-input\":{\"@type\":\"PropertyValueSpecification\",\"valueRequired\":true,\"valueName\":\"search_term_string\"}}],\"inLanguage\":\"fr-BE\"},{\"@type\":\"Organization\",\"@id\":\"https:\\\/\\\/disaronno.com\\\/int\\\/#organization\",\"name\":\"Disaronno\",\"url\":\"https:\\\/\\\/disaronno.com\\\/int\\\/\",\"logo\":{\"@type\":\"ImageObject\",\"inLanguage\":\"fr-BE\",\"@id\":\"https:\\\/\\\/disaronno.com\\\/int\\\/#\\\/schema\\\/logo\\\/image\\\/\",\"url\":\"https:\\\/\\\/disaronno.com\\\/wp-content\\\/uploads\\\/screenshot-696.jpg\",\"contentUrl\":\"https:\\\/\\\/disaronno.com\\\/wp-content\\\/uploads\\\/screenshot-696.jpg\",\"width\":696,\"height\":696,\"caption\":\"Disaronno\"},\"image\":{\"@id\":\"https:\\\/\\\/disaronno.com\\\/int\\\/#\\\/schema\\\/logo\\\/image\\\/\"}}]}<\/script>\n<!-- \/ Yoast SEO plugin. -->","yoast_head_json":{"title":"Actualit\u00e9s - Disaronno","robots":{"index":"index","follow":"follow","max-snippet":"max-snippet:-1","max-image-preview":"max-image-preview:large","max-video-preview":"max-video-preview:-1"},"canonical":"https:\/\/disaronno.com\/fr-be\/news\/","og_locale":"fr_FR","og_type":"article","og_title":"Actualit\u00e9s - Disaronno","og_description":"Restez inform\u00e9 des derni\u00e8res actualit\u00e9s de l\u2019univers Disaronno. Des nouvelles collaborations aux \u00e9v\u00e9nements sp\u00e9ciaux, Dolce News est l\u2019endroit o\u00f9 prennent vie les mises \u00e0 jour [&hellip;]","og_url":"https:\/\/disaronno.com\/fr-be\/news\/","og_site_name":"Disaronno","article_modified_time":"2026-04-07T08:01:18+00:00","twitter_card":"summary_large_image","twitter_misc":{"Dur\u00e9e de lecture est.":"1 minute"},"schema":{"@context":"https:\/\/schema.org","@graph":[{"@type":"WebPage","@id":"https:\/\/disaronno.com\/fr-be\/news\/","url":"https:\/\/disaronno.com\/fr-be\/news\/","name":"Actualit\u00e9s - Disaronno","isPartOf":{"@id":"https:\/\/disaronno.com\/int\/#website"},"datePublished":"2026-02-25T09:06:29+00:00","dateModified":"2026-04-07T08:01:18+00:00","breadcrumb":{"@id":"https:\/\/disaronno.com\/fr-be\/news\/#breadcrumb"},"inLanguage":"fr-BE","potentialAction":[{"@type":"ReadAction","target":["https:\/\/disaronno.com\/fr-be\/news\/"]}]},{"@type":"BreadcrumbList","@id":"https:\/\/disaronno.com\/fr-be\/news\/#breadcrumb","itemListElement":[{"@type":"ListItem","position":1,"name":"Home","item":"https:\/\/disaronno.com\/fr-be\/"},{"@type":"ListItem","position":2,"name":"Actualit\u00e9s"}]},{"@type":"WebSite","@id":"https:\/\/disaronno.com\/int\/#website","url":"https:\/\/disaronno.com\/int\/","name":"Disaronno","description":"","publisher":{"@id":"https:\/\/disaronno.com\/int\/#organization"},"potentialAction":[{"@type":"SearchAction","target":{"@type":"EntryPoint","urlTemplate":"https:\/\/disaronno.com\/int\/?s={search_term_string}"},"query-input":{"@type":"PropertyValueSpecification","valueRequired":true,"valueName":"search_term_string"}}],"inLanguage":"fr-BE"},{"@type":"Organization","@id":"https:\/\/disaronno.com\/int\/#organization","name":"Disaronno","url":"https:\/\/disaronno.com\/int\/","logo":{"@type":"ImageObject","inLanguage":"fr-BE","@id":"https:\/\/disaronno.com\/int\/#\/schema\/logo\/image\/","url":"https:\/\/disaronno.com\/wp-content\/uploads\/screenshot-696.jpg","contentUrl":"https:\/\/disaronno.com\/wp-content\/uploads\/screenshot-696.jpg","width":696,"height":696,"caption":"Disaronno"},"image":{"@id":"https:\/\/disaronno.com\/int\/#\/schema\/logo\/image\/"}}]}},"_links":{"self":[{"href":"https:\/\/disaronno.com\/fr-be\/wp-json\/wp\/v2\/pages\/2447","targetHints":{"allow":["GET"]}}],"collection":[{"href":"https:\/\/disaronno.com\/fr-be\/wp-json\/wp\/v2\/pages"}],"about":[{"href":"https:\/\/disaronno.com\/fr-be\/wp-json\/wp\/v2\/types\/page"}],"author":[{"embeddable":true,"href":"https:\/\/disaronno.com\/fr-be\/wp-json\/wp\/v2\/users\/1"}],"replies":[{"embeddable":true,"href":"https:\/\/disaronno.com\/fr-be\/wp-json\/wp\/v2\/comments?post=2447"}],"version-history":[{"count":2,"href":"https:\/\/disaronno.com\/fr-be\/wp-json\/wp\/v2\/pages\/2447\/revisions"}],"predecessor-version":[{"id":3550,"href":"https:\/\/disaronno.com\/fr-be\/wp-json\/wp\/v2\/pages\/2447\/revisions\/3550"}],"wp:attachment":[{"href":"https:\/\/disaronno.com\/fr-be\/wp-json\/wp\/v2\/media?parent=2447"}],"curies":[{"name":"wp","href":"https:\/\/api.w.org\/{rel}","templated":true}]}}