{"id":2416,"date":"2026-02-25T10:06:58","date_gmt":"2026-02-25T09:06:58","guid":{"rendered":"https:\/\/disaronno.com\/mix-with-style\/"},"modified":"2026-04-02T16:31:20","modified_gmt":"2026-04-02T14:31:20","slug":"mix-with-style","status":"publish","type":"page","link":"https:\/\/disaronno.com\/es\/mix-with-style\/","title":{"rendered":"Nuestros c\u00f3cteles"},"content":{"rendered":"<p>El <strong>sabor inconfundible<\/strong> de Disaronno lo convierte en el compa\u00f1ero perfecto para la cocteler\u00eda. Con su fragancia intensa y persistente, aporta car\u00e1cter y un toque distintivo a cada c\u00f3ctel.<\/p>\n<p>Desde cl\u00e1sicos atemporales como el Disaronno Sour y el refrescante Disaronno Spritz hasta iconos como el Godfather, cada receta celebra el <strong>alma vers\u00e1til<\/strong> de Disaronno.<br \/>\nY para quienes prefieren una experiencia m\u00e1s suave y cremosa, Disaronno Velvet abre la puerta a un lado refrescante y aterciopelado de la mixolog\u00eda.<\/p>\n<p>Perfecto para convertir cualquier momento en tu <strong>Dolce Hour<\/strong>.<\/p>\n","protected":false},"excerpt":{"rendered":"<p>El sabor inconfundible de Disaronno lo convierte en el compa\u00f1ero perfecto para la cocteler\u00eda. Con su fragancia intensa y persistente, aporta car\u00e1cter y un toque [&hellip;]<\/p>\n","protected":false},"author":1,"featured_media":2417,"parent":0,"menu_order":0,"comment_status":"closed","ping_status":"closed","template":"template\/drinks-index.php","meta":{"_acf_changed":false,"footnotes":""},"class_list":["post-2416","page","type-page","status-publish","has-post-thumbnail","hentry"],"acf":[],"yoast_head":"<!-- This site is optimized with the Yoast SEO plugin v27.4 - https:\/\/yoast.com\/product\/yoast-seo-wordpress\/ -->\n<title>Nuestros c\u00f3cteles - Disaronno<\/title>\n<meta name=\"robots\" content=\"index, follow, max-snippet:-1, max-image-preview:large, max-video-preview:-1\" \/>\n<link rel=\"canonical\" href=\"https:\/\/disaronno.com\/es\/mix-with-style\/\" \/>\n<meta property=\"og:locale\" content=\"es_ES\" \/>\n<meta property=\"og:type\" content=\"article\" \/>\n<meta property=\"og:title\" content=\"Nuestros c\u00f3cteles - Disaronno\" \/>\n<meta property=\"og:description\" content=\"El sabor inconfundible de Disaronno lo convierte en el compa\u00f1ero perfecto para la cocteler\u00eda. Con su fragancia intensa y persistente, aporta car\u00e1cter y un toque [&hellip;]\" \/>\n<meta property=\"og:url\" content=\"https:\/\/disaronno.com\/es\/mix-with-style\/\" \/>\n<meta property=\"og:site_name\" content=\"Disaronno\" \/>\n<meta property=\"article:modified_time\" content=\"2026-04-02T14:31:20+00:00\" \/>\n<meta property=\"og:image\" content=\"https:\/\/disaronno.com\/wp-content\/uploads\/our-cocktails.png\" \/>\n\t<meta property=\"og:image:width\" content=\"625\" \/>\n\t<meta property=\"og:image:height\" content=\"471\" \/>\n\t<meta property=\"og:image:type\" content=\"image\/png\" \/>\n<meta name=\"twitter:card\" content=\"summary_large_image\" \/>\n<meta name=\"twitter:label1\" content=\"Tiempo de lectura\" \/>\n\t<meta name=\"twitter:data1\" content=\"1 minuto\" \/>\n<script type=\"application\/ld+json\" class=\"yoast-schema-graph\">{\"@context\":\"https:\\\/\\\/schema.org\",\"@graph\":[{\"@type\":\"WebPage\",\"@id\":\"https:\\\/\\\/disaronno.com\\\/es\\\/mix-with-style\\\/\",\"url\":\"https:\\\/\\\/disaronno.com\\\/es\\\/mix-with-style\\\/\",\"name\":\"Nuestros c\u00f3cteles - Disaronno\",\"isPartOf\":{\"@id\":\"https:\\\/\\\/disaronno.com\\\/int\\\/#website\"},\"primaryImageOfPage\":{\"@id\":\"https:\\\/\\\/disaronno.com\\\/es\\\/mix-with-style\\\/#primaryimage\"},\"image\":{\"@id\":\"https:\\\/\\\/disaronno.com\\\/es\\\/mix-with-style\\\/#primaryimage\"},\"thumbnailUrl\":\"https:\\\/\\\/disaronno.com\\\/wp-content\\\/uploads\\\/our-cocktails.png\",\"datePublished\":\"2026-02-25T09:06:58+00:00\",\"dateModified\":\"2026-04-02T14:31:20+00:00\",\"breadcrumb\":{\"@id\":\"https:\\\/\\\/disaronno.com\\\/es\\\/mix-with-style\\\/#breadcrumb\"},\"inLanguage\":\"es\",\"potentialAction\":[{\"@type\":\"ReadAction\",\"target\":[\"https:\\\/\\\/disaronno.com\\\/es\\\/mix-with-style\\\/\"]}]},{\"@type\":\"ImageObject\",\"inLanguage\":\"es\",\"@id\":\"https:\\\/\\\/disaronno.com\\\/es\\\/mix-with-style\\\/#primaryimage\",\"url\":\"https:\\\/\\\/disaronno.com\\\/wp-content\\\/uploads\\\/our-cocktails.png\",\"contentUrl\":\"https:\\\/\\\/disaronno.com\\\/wp-content\\\/uploads\\\/our-cocktails.png\",\"width\":625,\"height\":471},{\"@type\":\"BreadcrumbList\",\"@id\":\"https:\\\/\\\/disaronno.com\\\/es\\\/mix-with-style\\\/#breadcrumb\",\"itemListElement\":[{\"@type\":\"ListItem\",\"position\":1,\"name\":\"Home\",\"item\":\"https:\\\/\\\/disaronno.com\\\/es\\\/\"},{\"@type\":\"ListItem\",\"position\":2,\"name\":\"Nuestros c\u00f3cteles\"}]},{\"@type\":\"WebSite\",\"@id\":\"https:\\\/\\\/disaronno.com\\\/int\\\/#website\",\"url\":\"https:\\\/\\\/disaronno.com\\\/int\\\/\",\"name\":\"Disaronno\",\"description\":\"\",\"publisher\":{\"@id\":\"https:\\\/\\\/disaronno.com\\\/int\\\/#organization\"},\"potentialAction\":[{\"@type\":\"SearchAction\",\"target\":{\"@type\":\"EntryPoint\",\"urlTemplate\":\"https:\\\/\\\/disaronno.com\\\/int\\\/?s={search_term_string}\"},\"query-input\":{\"@type\":\"PropertyValueSpecification\",\"valueRequired\":true,\"valueName\":\"search_term_string\"}}],\"inLanguage\":\"es\"},{\"@type\":\"Organization\",\"@id\":\"https:\\\/\\\/disaronno.com\\\/int\\\/#organization\",\"name\":\"Disaronno\",\"url\":\"https:\\\/\\\/disaronno.com\\\/int\\\/\",\"logo\":{\"@type\":\"ImageObject\",\"inLanguage\":\"es\",\"@id\":\"https:\\\/\\\/disaronno.com\\\/int\\\/#\\\/schema\\\/logo\\\/image\\\/\",\"url\":\"https:\\\/\\\/disaronno.com\\\/wp-content\\\/uploads\\\/screenshot-696.jpg\",\"contentUrl\":\"https:\\\/\\\/disaronno.com\\\/wp-content\\\/uploads\\\/screenshot-696.jpg\",\"width\":696,\"height\":696,\"caption\":\"Disaronno\"},\"image\":{\"@id\":\"https:\\\/\\\/disaronno.com\\\/int\\\/#\\\/schema\\\/logo\\\/image\\\/\"}}]}<\/script>\n<!-- \/ Yoast SEO plugin. -->","yoast_head_json":{"title":"Nuestros c\u00f3cteles - Disaronno","robots":{"index":"index","follow":"follow","max-snippet":"max-snippet:-1","max-image-preview":"max-image-preview:large","max-video-preview":"max-video-preview:-1"},"canonical":"https:\/\/disaronno.com\/es\/mix-with-style\/","og_locale":"es_ES","og_type":"article","og_title":"Nuestros c\u00f3cteles - Disaronno","og_description":"El sabor inconfundible de Disaronno lo convierte en el compa\u00f1ero perfecto para la cocteler\u00eda. Con su fragancia intensa y persistente, aporta car\u00e1cter y un toque [&hellip;]","og_url":"https:\/\/disaronno.com\/es\/mix-with-style\/","og_site_name":"Disaronno","article_modified_time":"2026-04-02T14:31:20+00:00","og_image":[{"width":625,"height":471,"url":"https:\/\/disaronno.com\/wp-content\/uploads\/our-cocktails.png","type":"image\/png"}],"twitter_card":"summary_large_image","twitter_misc":{"Tiempo de lectura":"1 minuto"},"schema":{"@context":"https:\/\/schema.org","@graph":[{"@type":"WebPage","@id":"https:\/\/disaronno.com\/es\/mix-with-style\/","url":"https:\/\/disaronno.com\/es\/mix-with-style\/","name":"Nuestros c\u00f3cteles - Disaronno","isPartOf":{"@id":"https:\/\/disaronno.com\/int\/#website"},"primaryImageOfPage":{"@id":"https:\/\/disaronno.com\/es\/mix-with-style\/#primaryimage"},"image":{"@id":"https:\/\/disaronno.com\/es\/mix-with-style\/#primaryimage"},"thumbnailUrl":"https:\/\/disaronno.com\/wp-content\/uploads\/our-cocktails.png","datePublished":"2026-02-25T09:06:58+00:00","dateModified":"2026-04-02T14:31:20+00:00","breadcrumb":{"@id":"https:\/\/disaronno.com\/es\/mix-with-style\/#breadcrumb"},"inLanguage":"es","potentialAction":[{"@type":"ReadAction","target":["https:\/\/disaronno.com\/es\/mix-with-style\/"]}]},{"@type":"ImageObject","inLanguage":"es","@id":"https:\/\/disaronno.com\/es\/mix-with-style\/#primaryimage","url":"https:\/\/disaronno.com\/wp-content\/uploads\/our-cocktails.png","contentUrl":"https:\/\/disaronno.com\/wp-content\/uploads\/our-cocktails.png","width":625,"height":471},{"@type":"BreadcrumbList","@id":"https:\/\/disaronno.com\/es\/mix-with-style\/#breadcrumb","itemListElement":[{"@type":"ListItem","position":1,"name":"Home","item":"https:\/\/disaronno.com\/es\/"},{"@type":"ListItem","position":2,"name":"Nuestros c\u00f3cteles"}]},{"@type":"WebSite","@id":"https:\/\/disaronno.com\/int\/#website","url":"https:\/\/disaronno.com\/int\/","name":"Disaronno","description":"","publisher":{"@id":"https:\/\/disaronno.com\/int\/#organization"},"potentialAction":[{"@type":"SearchAction","target":{"@type":"EntryPoint","urlTemplate":"https:\/\/disaronno.com\/int\/?s={search_term_string}"},"query-input":{"@type":"PropertyValueSpecification","valueRequired":true,"valueName":"search_term_string"}}],"inLanguage":"es"},{"@type":"Organization","@id":"https:\/\/disaronno.com\/int\/#organization","name":"Disaronno","url":"https:\/\/disaronno.com\/int\/","logo":{"@type":"ImageObject","inLanguage":"es","@id":"https:\/\/disaronno.com\/int\/#\/schema\/logo\/image\/","url":"https:\/\/disaronno.com\/wp-content\/uploads\/screenshot-696.jpg","contentUrl":"https:\/\/disaronno.com\/wp-content\/uploads\/screenshot-696.jpg","width":696,"height":696,"caption":"Disaronno"},"image":{"@id":"https:\/\/disaronno.com\/int\/#\/schema\/logo\/image\/"}}]}},"_links":{"self":[{"href":"https:\/\/disaronno.com\/es\/wp-json\/wp\/v2\/pages\/2416","targetHints":{"allow":["GET"]}}],"collection":[{"href":"https:\/\/disaronno.com\/es\/wp-json\/wp\/v2\/pages"}],"about":[{"href":"https:\/\/disaronno.com\/es\/wp-json\/wp\/v2\/types\/page"}],"author":[{"embeddable":true,"href":"https:\/\/disaronno.com\/es\/wp-json\/wp\/v2\/users\/1"}],"replies":[{"embeddable":true,"href":"https:\/\/disaronno.com\/es\/wp-json\/wp\/v2\/comments?post=2416"}],"version-history":[{"count":3,"href":"https:\/\/disaronno.com\/es\/wp-json\/wp\/v2\/pages\/2416\/revisions"}],"predecessor-version":[{"id":3502,"href":"https:\/\/disaronno.com\/es\/wp-json\/wp\/v2\/pages\/2416\/revisions\/3502"}],"wp:featuredmedia":[{"embeddable":true,"href":"https:\/\/disaronno.com\/es\/wp-json\/wp\/v2\/media\/2417"}],"wp:attachment":[{"href":"https:\/\/disaronno.com\/es\/wp-json\/wp\/v2\/media?parent=2416"}],"curies":[{"name":"wp","href":"https:\/\/api.w.org\/{rel}","templated":true}]}}